{"id":133,"date":"2025-01-14T16:20:58","date_gmt":"2025-01-14T15:20:58","guid":{"rendered":"https:\/\/deml-gmbh.com\/DemlUmzug\/?page_id=133"},"modified":"2025-01-20T16:29:25","modified_gmt":"2025-01-20T15:29:25","slug":"verlaengerer-aus-holz","status":"publish","type":"page","link":"https:\/\/deml-gmbh.com\/DemlUmzug\/verlaengerer-aus-holz\/","title":{"rendered":"Verl\u00e4ngerer aus Holz"},"content":{"rendered":"\t\t<div data-elementor-type=\"wp-page\" data-elementor-id=\"133\" class=\"elementor elementor-133\" data-elementor-post-type=\"page\">\n\t\t\t\t<div class=\"elementor-element elementor-element-f0d127f e-flex e-con-boxed e-con e-parent\" data-id=\"f0d127f\" data-element_type=\"container\">\n\t\t\t\t\t<div class=\"e-con-inner\">\n\t\t\t\t<div class=\"elementor-element elementor-element-d66032e elementor-widget-divider--view-line elementor-widget elementor-widget-divider\" data-id=\"d66032e\" data-element_type=\"widget\" data-widget_type=\"divider.default\">\n\t\t\t\t<div class=\"elementor-widget-container\">\n\t\t\t\t\t\t\t<div class=\"elementor-divider\">\n\t\t\t<span class=\"elementor-divider-separator\">\n\t\t\t\t\t\t<\/span>\n\t\t<\/div>\n\t\t\t\t\t\t<\/div>\n\t\t\t\t<\/div>\n\t\t\t\t<div class=\"elementor-element elementor-element-01fbbe3 elementor-widget elementor-widget-text-editor\" data-id=\"01fbbe3\" data-element_type=\"widget\" data-widget_type=\"text-editor.default\">\n\t\t\t\t<div class=\"elementor-widget-container\">\n\t\t\t\t\t\t\t\t\t<p><strong>Verl\u00e4ngerer aus Holz<\/strong><br \/><br \/>Sind die Buntstifte der Kinder, Mama\u00b4s Augenbraun Stift oder Papa\u00b4s Bleistifte zu kurz, tut der Stifteverl\u00e4ngerer <br \/>gute Dienste.Es werden alle gew\u00fcnschten Lackierungen angeboten. Natur belassene oder mit biologischen \u00d6len <br \/>behandelte Verl\u00e4ngerer geh\u00f6ren zum Standartsortiment.<\/p>\t\t\t\t\t\t\t\t<\/div>\n\t\t\t\t<\/div>\n\t\t\t\t\t<\/div>\n\t\t\t\t<\/div>\n\t\t<div class=\"elementor-element elementor-element-a85c3da e-grid e-con-boxed e-con e-parent\" data-id=\"a85c3da\" data-element_type=\"container\">\n\t\t\t\t\t<div class=\"e-con-inner\">\n\t\t\t\t<div class=\"elementor-element elementor-element-86fa529 elementor-widget elementor-widget-image\" data-id=\"86fa529\" data-element_type=\"widget\" data-widget_type=\"image.default\">\n\t\t\t\t<div class=\"elementor-widget-container\">\n\t\t\t\t\t\t\t\t\t\t\t\t\t\t\t<img fetchpriority=\"high\" decoding=\"async\" width=\"431\" height=\"575\" src=\"https:\/\/deml-gmbh.com\/DemlUmzug\/wp-content\/uploads\/2025\/01\/Verlaengerer_1.jpg\" class=\"attachment-large size-large wp-image-147\" alt=\"\" srcset=\"https:\/\/deml-gmbh.com\/DemlUmzug\/wp-content\/uploads\/2025\/01\/Verlaengerer_1.jpg 431w, https:\/\/deml-gmbh.com\/DemlUmzug\/wp-content\/uploads\/2025\/01\/Verlaengerer_1-225x300.jpg 225w\" sizes=\"(max-width: 431px) 100vw, 431px\" \/>\t\t\t\t\t\t\t\t\t\t\t\t\t\t\t<\/div>\n\t\t\t\t<\/div>\n\t\t<div class=\"elementor-element elementor-element-1ccb62e e-grid e-con-full e-con e-child\" data-id=\"1ccb62e\" data-element_type=\"container\">\n\t\t\t\t<div class=\"elementor-element elementor-element-5f9cf50 elementor-widget elementor-widget-image\" data-id=\"5f9cf50\" data-element_type=\"widget\" data-widget_type=\"image.default\">\n\t\t\t\t<div class=\"elementor-widget-container\">\n\t\t\t\t\t\t\t\t\t\t\t\t\t\t\t<img decoding=\"async\" width=\"244\" height=\"183\" src=\"https:\/\/deml-gmbh.com\/DemlUmzug\/wp-content\/uploads\/2025\/01\/Verlaengerer_2.jpg\" class=\"attachment-large size-large wp-image-148\" alt=\"\" \/>\t\t\t\t\t\t\t\t\t\t\t\t\t\t\t<\/div>\n\t\t\t\t<\/div>\n\t\t\t\t<div class=\"elementor-element elementor-element-181fabf elementor-widget elementor-widget-image\" data-id=\"181fabf\" data-element_type=\"widget\" data-widget_type=\"image.default\">\n\t\t\t\t<div class=\"elementor-widget-container\">\n\t\t\t\t\t\t\t\t\t\t\t\t\t\t\t<img decoding=\"async\" width=\"244\" height=\"183\" src=\"https:\/\/deml-gmbh.com\/DemlUmzug\/wp-content\/uploads\/2025\/01\/Verlaengerer_3.jpg\" class=\"attachment-large size-large wp-image-149\" alt=\"\" \/>\t\t\t\t\t\t\t\t\t\t\t\t\t\t\t<\/div>\n\t\t\t\t<\/div>\n\t\t\t\t<div class=\"elementor-element elementor-element-103093f elementor-widget elementor-widget-image\" data-id=\"103093f\" data-element_type=\"widget\" data-widget_type=\"image.default\">\n\t\t\t\t<div class=\"elementor-widget-container\">\n\t\t\t\t\t\t\t\t\t\t\t\t\t\t\t<img loading=\"lazy\" decoding=\"async\" width=\"244\" height=\"183\" src=\"https:\/\/deml-gmbh.com\/DemlUmzug\/wp-content\/uploads\/2025\/01\/Verlaengerer_4.jpg\" class=\"attachment-large size-large wp-image-150\" alt=\"\" \/>\t\t\t\t\t\t\t\t\t\t\t\t\t\t\t<\/div>\n\t\t\t\t<\/div>\n\t\t\t\t<\/div>\n\t\t\t\t\t<\/div>\n\t\t\t\t<\/div>\n\t\t<div class=\"elementor-element elementor-element-f0f390f e-grid e-con-boxed e-con e-parent\" data-id=\"f0f390f\" data-element_type=\"container\">\n\t\t\t\t\t<div class=\"e-con-inner\">\n\t\t\t\t<div class=\"elementor-element elementor-element-cd521ba elementor-widget elementor-widget-image\" data-id=\"cd521ba\" data-element_type=\"widget\" data-widget_type=\"image.default\">\n\t\t\t\t<div class=\"elementor-widget-container\">\n\t\t\t\t\t\t\t\t\t\t\t\t\t\t\t<img loading=\"lazy\" decoding=\"async\" width=\"244\" height=\"183\" src=\"https:\/\/deml-gmbh.com\/DemlUmzug\/wp-content\/uploads\/2025\/01\/Verlaengerer_5.jpg\" class=\"attachment-large size-large wp-image-151\" alt=\"\" \/>\t\t\t\t\t\t\t\t\t\t\t\t\t\t\t<\/div>\n\t\t\t\t<\/div>\n\t\t\t\t<div class=\"elementor-element elementor-element-a439d86 elementor-widget elementor-widget-image\" data-id=\"a439d86\" data-element_type=\"widget\" data-widget_type=\"image.default\">\n\t\t\t\t<div class=\"elementor-widget-container\">\n\t\t\t\t\t\t\t\t\t\t\t\t\t\t\t<img loading=\"lazy\" decoding=\"async\" width=\"244\" height=\"183\" src=\"https:\/\/deml-gmbh.com\/DemlUmzug\/wp-content\/uploads\/2025\/01\/Verlaengerer_6.jpg\" class=\"attachment-large size-large wp-image-152\" alt=\"\" \/>\t\t\t\t\t\t\t\t\t\t\t\t\t\t\t<\/div>\n\t\t\t\t<\/div>\n\t\t\t\t<div class=\"elementor-element elementor-element-28f7ae3 elementor-widget elementor-widget-image\" data-id=\"28f7ae3\" data-element_type=\"widget\" data-widget_type=\"image.default\">\n\t\t\t\t<div class=\"elementor-widget-container\">\n\t\t\t\t\t\t\t\t\t\t\t\t\t\t\t<img loading=\"lazy\" decoding=\"async\" width=\"244\" height=\"183\" src=\"https:\/\/deml-gmbh.com\/DemlUmzug\/wp-content\/uploads\/2025\/01\/Verlaengerer_7.jpg\" class=\"attachment-large size-large wp-image-153\" alt=\"\" \/>\t\t\t\t\t\t\t\t\t\t\t\t\t\t\t<\/div>\n\t\t\t\t<\/div>\n\t\t\t\t\t<\/div>\n\t\t\t\t<\/div>\n\t\t<div class=\"elementor-element elementor-element-897855d e-flex e-con-boxed e-con e-parent\" data-id=\"897855d\" data-element_type=\"container\">\n\t\t\t\t\t<div class=\"e-con-inner\">\n\t\t\t\t<div class=\"elementor-element elementor-element-5c038fc elementor-widget-divider--view-line elementor-widget elementor-widget-divider\" data-id=\"5c038fc\" data-element_type=\"widget\" data-widget_type=\"divider.default\">\n\t\t\t\t<div class=\"elementor-widget-container\">\n\t\t\t\t\t\t\t<div class=\"elementor-divider\">\n\t\t\t<span class=\"elementor-divider-separator\">\n\t\t\t\t\t\t<\/span>\n\t\t<\/div>\n\t\t\t\t\t\t<\/div>\n\t\t\t\t<\/div>\n\t\t\t\t\t<\/div>\n\t\t\t\t<\/div>\n\t\t\t\t<\/div>\n\t\t","protected":false},"excerpt":{"rendered":"<p>Verl\u00e4ngerer aus Holz Sind die Buntstifte der Kinder, Mama\u00b4s Augenbraun Stift oder Papa\u00b4s Bleistifte zu kurz, tut der Stifteverl\u00e4ngerer gute Dienste.Es werden alle gew\u00fcnschten Lackierungen angeboten. Natur belassene oder mit biologischen \u00d6len behandelte Verl\u00e4ngerer geh\u00f6ren zum Standartsortiment.<\/p>\n","protected":false},"author":1,"featured_media":0,"parent":0,"menu_order":0,"comment_status":"closed","ping_status":"closed","template":"","meta":{"footnotes":""},"class_list":["post-133","page","type-page","status-publish","hentry"],"_links":{"self":[{"href":"https:\/\/deml-gmbh.com\/DemlUmzug\/wp-json\/wp\/v2\/pages\/133","targetHints":{"allow":["GET"]}}],"collection":[{"href":"https:\/\/deml-gmbh.com\/DemlUmzug\/wp-json\/wp\/v2\/pages"}],"about":[{"href":"https:\/\/deml-gmbh.com\/DemlUmzug\/wp-json\/wp\/v2\/types\/page"}],"author":[{"embeddable":true,"href":"https:\/\/deml-gmbh.com\/DemlUmzug\/wp-json\/wp\/v2\/users\/1"}],"replies":[{"embeddable":true,"href":"https:\/\/deml-gmbh.com\/DemlUmzug\/wp-json\/wp\/v2\/comments?post=133"}],"version-history":[{"count":10,"href":"https:\/\/deml-gmbh.com\/DemlUmzug\/wp-json\/wp\/v2\/pages\/133\/revisions"}],"predecessor-version":[{"id":321,"href":"https:\/\/deml-gmbh.com\/DemlUmzug\/wp-json\/wp\/v2\/pages\/133\/revisions\/321"}],"wp:attachment":[{"href":"https:\/\/deml-gmbh.com\/DemlUmzug\/wp-json\/wp\/v2\/media?parent=133"}],"curies":[{"name":"wp","href":"https:\/\/api.w.org\/{rel}","templated":true}]}}